{"id":3151,"date":"2024-04-30T13:49:03","date_gmt":"2024-04-30T13:49:03","guid":{"rendered":"https:\/\/foerderanlagen-service.de\/?page_id=3151"},"modified":"2024-04-30T14:07:56","modified_gmt":"2024-04-30T14:07:56","slug":"impressum","status":"publish","type":"page","link":"https:\/\/foerderanlagen-service.de\/index.php\/impressum\/","title":{"rendered":"Impressum"},"content":{"rendered":"\t\t<div data-elementor-type=\"wp-page\" data-elementor-id=\"3151\" class=\"elementor elementor-3151\" data-elementor-post-type=\"page\">\n\t\t\t\t<div class=\"elementor-element elementor-element-d42ee2f e-flex e-con-boxed e-con e-parent\" data-id=\"d42ee2f\" data-element_type=\"container\" data-e-type=\"container\">\n\t\t\t\t\t<div class=\"e-con-inner\">\n\t\t\t\t\t<\/div>\n\t\t\t\t<\/div>\n\t\t<div class=\"elementor-element elementor-element-09644bb e-flex e-con-boxed e-con e-parent\" data-id=\"09644bb\" data-element_type=\"container\" data-e-type=\"container\">\n\t\t\t\t\t<div class=\"e-con-inner\">\n\t\t\t\t<div class=\"elementor-element elementor-element-4a724b2 elementor-widget elementor-widget-text-editor\" data-id=\"4a724b2\" data-element_type=\"widget\" data-e-type=\"widget\" data-widget_type=\"text-editor.default\">\n\t\t\t\t<div class=\"elementor-widget-container\">\n\t\t\t\t\t\t\t\t\t<h1>Impressum<\/h1><p class=\"mt-4\">A.Klein F\u00f6rderanlagen Service GmbH<\/p><p class=\"my-4\">St.-Paulus-Stra\u00dfe 10<br \/>49681 Garrel<br \/>Deutschland<\/p><p>Telefon: +49-152-064-744-35<br \/>E-Mail: info(at)foerderanlagen-service.de<\/p><p class=\"my-4\">Gesch\u00e4ftsf\u00fchrer: Alexander Klein<\/p><p>Inhaltlich Verantwortlicher: Alexander Klein<\/p><p>\u00a0<\/p><h2>Gestaltung &amp; Umsetzung<\/h2><p><a href=\"https:\/\/facted.de\"><img fetchpriority=\"high\" decoding=\"async\" class=\"alignleft\" src=\"https:\/\/sp-ao.shortpixel.ai\/client\/to_webp,q_glossy,ret_img,w_4999,h_1843\/https:\/\/facted.de\/wp-content\/uploads\/2023\/03\/Schriftzug_grau.png\" alt=\"facted_logo_grau\" width=\"200\" height=\"1984\" \/><\/a><\/p><p>\u00a0<\/p><p>\u00a0<\/p><p>facted Inh. Stefan Schnieder<\/p><p>Gewerbegebiet Sandkamp 4<\/p><p>26169 Friesoythe<br \/><a href=\"https:\/\/facted.de\">www.facted.de<\/a><\/p><p class=\"mt-5\">Haftungsausschluss:<br \/>1. Inhalt des Onlineangebotes<br \/>Der Autor selbst und die Informationszubringer sind stets bem\u00fcht, qualitativ hochwertige Informationen zur Verf\u00fcgung zu stellen. Trotzdem \u00fcbernimmt der Autor keinerlei Gew\u00e4hr f\u00fcr die Aktualit\u00e4t, Korrektheit, Vollst\u00e4ndigkeit oder Qualit\u00e4t der bereitgestellten Informationen. Haftungsanspr\u00fcche gegen den Autor, die sich auf Sch\u00e4den materieller oder ideeller Art beziehen, welche durch die Nutzung oder Nichtnutzung der dargebotenen Informationen bzw. durch die Nutzung fehlerhafter und unvollst\u00e4ndiger Informationen verursacht wurden sind grunds\u00e4tzlich ausgeschlossen, sofern seitens des Autors kein nachweislich vors\u00e4tzliches oder grob fahrl\u00e4ssiges Verschulden vorliegt. Alle Angebote sind freibleibend und unverbindlich. Der Autor beh\u00e4lt es sich ausdr\u00fccklich vor, Teile der Seiten oder das gesamte Angebot ohne gesonderte Ank\u00fcndigung zu ver\u00e4ndern, zu erg\u00e4nzen, zu l\u00f6schen oder die Ver\u00f6ffentlichung zeitweise oder endg\u00fcltig einzustellen.<\/p><p>2. Verweise und Links<br \/>Sofern auf Verweisziele (&#8220;Links&#8221;) direkt oder indirekt verwiesen wird, die au\u00dferhalb des Verantwortungsbereiches des Autors liegen, haftet dieser nur dann, wenn er von den Inhalten Kenntnis hat und es ihm technisch m\u00f6glich und zumutbar w\u00e4re, die Nutzung im Falle rechtswidriger Inhalte zu verhindern. F\u00fcr dar\u00fcber hinausgehende Inhalte und insbesondere f\u00fcr Sch\u00e4den, die aus der Nutzung oder Nichtnutzung solcherart dargebotener Informationen entstehen, haftet allein der Anbieter dieser Seiten, nicht derjenige, der \u00fcber Links auf die jeweilige Ver\u00f6ffentlichung lediglich verweist. Diese Einschr\u00e4nkung gilt gleicherma\u00dfen auch f\u00fcr Fremdeintr\u00e4ge in vom Autor eingerichteten G\u00e4steb\u00fcchern, Diskussionsforen und Mailinglisten.<\/p><p>3. Urheberrecht<br \/>Der Autor ist bestrebt, in allen Publikationen die Urheberrechte der verwendeten Grafiken, Sounds und Texte zu beachten, von ihm selbst erstellte Grafiken, Sounds und Texte zu nutzen oder auf lizenzfreie Grafiken, Sounds und Texte zur\u00fcckzugreifen. Sollte sich auf den jeweiligen Seiten dennoch eine ungekennzeichnete, aber durch fremdes Copyright gesch\u00fctzte Grafik, ein Sound oder Text befinden, so konnte das Copyright vom Autor nicht festgestellt werden. Im Falle einer solchen unbeabsichtigten Copyrightverletzung wird der Autor das entsprechende Objekt nach Benachrichtigung aus seiner Publikation entfernen bzw. mit dem entsprechenden Copyright kenntlich machen.<\/p><p>4. Rechtswirksamkeit dieses Haftungsausschlusses<br \/>Dieser Haftungsausschluss ist als Teil des Internetangebotes zu betrachten, von dem aus auf diese Seite verwiesen wurde. Sofern Teile oder einzelne Formulierungen dieses Textes der geltenden Rechtslage nicht, nicht mehr oder nicht vollst\u00e4ndig entsprechen sollten, bleiben die \u00fcbrigen Teile des Dokumentes in ihrem Inhalt und ihrer G\u00fcltigkeit davon unber\u00fchrt.<\/p><p>Die im Rahmen der Gesch\u00e4ftst\u00e4tigkeit gewonnenen personenbezogenen Daten des Interessenten bzw. K\u00e4ufers werden gem\u00e4\u00df den Bestimmungen des Bundesdatenschutzgesetztes gespeichert und verarbeitet. Diese Internetseiten und die darin enthaltenen Beschreibungen und Preisangaben werden von uns mit gr\u00f6\u00dfter Sorgfalt zusammengestellt. Trotzdem k\u00f6nnen wir eine Haftung f\u00fcr eventuelle Abbildungsfehler, technische \u00c4nderungen an den Waren oder f\u00fcr die anhaltende Lieferf\u00e4higkeit aller Waren nicht \u00fcbernehmen.<\/p>\t\t\t\t\t\t\t\t<\/div>\n\t\t\t\t<\/div>\n\t\t\t\t\t<\/div>\n\t\t\t\t<\/div>\n\t\t\t\t<\/div>\n\t\t","protected":false},"excerpt":{"rendered":"<p>Impressum A.Klein F\u00f6rderanlagen Service GmbH St.-Paulus-Stra\u00dfe 1049681 GarrelDeutschland Telefon: +49-152-064-744-35E-Mail: info(at)foerderanlagen-service.de Gesch\u00e4ftsf\u00fchrer: Alexander Klein Inhaltlich Verantwortlicher: Alexander Klein \u00a0 Gestaltung &amp; Umsetzung \u00a0 \u00a0 facted Inh. Stefan Schnieder Gewerbegebiet Sandkamp 4 26169 Friesoythewww.facted.de Haftungsausschluss:1. Inhalt des OnlineangebotesDer Autor selbst und die Informationszubringer sind stets bem\u00fcht, qualitativ hochwertige Informationen zur Verf\u00fcgung zu stellen. Trotzdem \u00fcbernimmt der [&hellip;]<\/p>\n","protected":false},"author":1,"featured_media":0,"parent":0,"menu_order":0,"comment_status":"closed","ping_status":"closed","template":"","meta":{"_eb_attr":"","footnotes":""},"class_list":["post-3151","page","type-page","status-publish","hentry"],"yoast_head":"<!-- This site is optimized with the Yoast SEO plugin v27.3 - https:\/\/yoast.com\/product\/yoast-seo-wordpress\/ -->\n<title>Impressum - A.Klein F\u00f6rderanlagen Service<\/title>\n<meta name=\"robots\" content=\"index, follow, max-snippet:-1, max-image-preview:large, max-video-preview:-1\" \/>\n<link rel=\"canonical\" href=\"https:\/\/foerderanlagen-service.de\/index.php\/impressum\/\" \/>\n<meta property=\"og:locale\" content=\"de_DE\" \/>\n<meta property=\"og:type\" content=\"article\" \/>\n<meta property=\"og:title\" content=\"Impressum - A.Klein F\u00f6rderanlagen Service\" \/>\n<meta property=\"og:description\" content=\"Impressum A.Klein F\u00f6rderanlagen Service GmbH St.-Paulus-Stra\u00dfe 1049681 GarrelDeutschland Telefon: +49-152-064-744-35E-Mail: info(at)foerderanlagen-service.de Gesch\u00e4ftsf\u00fchrer: Alexander Klein Inhaltlich Verantwortlicher: Alexander Klein \u00a0 Gestaltung &amp; Umsetzung \u00a0 \u00a0 facted Inh. Stefan Schnieder Gewerbegebiet Sandkamp 4 26169 Friesoythewww.facted.de Haftungsausschluss:1. Inhalt des OnlineangebotesDer Autor selbst und die Informationszubringer sind stets bem\u00fcht, qualitativ hochwertige Informationen zur Verf\u00fcgung zu stellen. Trotzdem \u00fcbernimmt der [&hellip;]\" \/>\n<meta property=\"og:url\" content=\"https:\/\/foerderanlagen-service.de\/index.php\/impressum\/\" \/>\n<meta property=\"og:site_name\" content=\"A.Klein F\u00f6rderanlagen Service\" \/>\n<meta property=\"article:modified_time\" content=\"2024-04-30T14:07:56+00:00\" \/>\n<meta property=\"og:image\" content=\"https:\/\/sp-ao.shortpixel.ai\/client\/to_webp,q_glossy,ret_img,w_4999,h_1843\/https:\/\/facted.de\/wp-content\/uploads\/2023\/03\/Schriftzug_grau.png\" \/>\n<meta name=\"twitter:card\" content=\"summary_large_image\" \/>\n<meta name=\"twitter:label1\" content=\"Gesch\u00e4tzte Lesezeit\" \/>\n\t<meta name=\"twitter:data1\" content=\"3\u00a0Minuten\" \/>\n<script type=\"application\/ld+json\" class=\"yoast-schema-graph\">{\"@context\":\"https:\\\/\\\/schema.org\",\"@graph\":[{\"@type\":\"WebPage\",\"@id\":\"https:\\\/\\\/foerderanlagen-service.de\\\/index.php\\\/impressum\\\/\",\"url\":\"https:\\\/\\\/foerderanlagen-service.de\\\/index.php\\\/impressum\\\/\",\"name\":\"Impressum - A.Klein F\u00f6rderanlagen Service\",\"isPartOf\":{\"@id\":\"https:\\\/\\\/foerderanlagen-service.de\\\/#website\"},\"primaryImageOfPage\":{\"@id\":\"https:\\\/\\\/foerderanlagen-service.de\\\/index.php\\\/impressum\\\/#primaryimage\"},\"image\":{\"@id\":\"https:\\\/\\\/foerderanlagen-service.de\\\/index.php\\\/impressum\\\/#primaryimage\"},\"thumbnailUrl\":\"https:\\\/\\\/sp-ao.shortpixel.ai\\\/client\\\/to_webp,q_glossy,ret_img,w_4999,h_1843\\\/https:\\\/\\\/facted.de\\\/wp-content\\\/uploads\\\/2023\\\/03\\\/Schriftzug_grau.png\",\"datePublished\":\"2024-04-30T13:49:03+00:00\",\"dateModified\":\"2024-04-30T14:07:56+00:00\",\"breadcrumb\":{\"@id\":\"https:\\\/\\\/foerderanlagen-service.de\\\/index.php\\\/impressum\\\/#breadcrumb\"},\"inLanguage\":\"de\",\"potentialAction\":[{\"@type\":\"ReadAction\",\"target\":[\"https:\\\/\\\/foerderanlagen-service.de\\\/index.php\\\/impressum\\\/\"]}]},{\"@type\":\"ImageObject\",\"inLanguage\":\"de\",\"@id\":\"https:\\\/\\\/foerderanlagen-service.de\\\/index.php\\\/impressum\\\/#primaryimage\",\"url\":\"https:\\\/\\\/sp-ao.shortpixel.ai\\\/client\\\/to_webp,q_glossy,ret_img,w_4999,h_1843\\\/https:\\\/\\\/facted.de\\\/wp-content\\\/uploads\\\/2023\\\/03\\\/Schriftzug_grau.png\",\"contentUrl\":\"https:\\\/\\\/sp-ao.shortpixel.ai\\\/client\\\/to_webp,q_glossy,ret_img,w_4999,h_1843\\\/https:\\\/\\\/facted.de\\\/wp-content\\\/uploads\\\/2023\\\/03\\\/Schriftzug_grau.png\"},{\"@type\":\"BreadcrumbList\",\"@id\":\"https:\\\/\\\/foerderanlagen-service.de\\\/index.php\\\/impressum\\\/#breadcrumb\",\"itemListElement\":[{\"@type\":\"ListItem\",\"position\":1,\"name\":\"Startseite\",\"item\":\"https:\\\/\\\/foerderanlagen-service.de\\\/\"},{\"@type\":\"ListItem\",\"position\":2,\"name\":\"Impressum\"}]},{\"@type\":\"WebSite\",\"@id\":\"https:\\\/\\\/foerderanlagen-service.de\\\/#website\",\"url\":\"https:\\\/\\\/foerderanlagen-service.de\\\/\",\"name\":\"A.Klein F\u00f6rderanlagen Service\",\"description\":\" Kauf und Verkauf von F\u00f6rderanlagen und KFZ\",\"publisher\":{\"@id\":\"https:\\\/\\\/foerderanlagen-service.de\\\/#organization\"},\"potentialAction\":[{\"@type\":\"SearchAction\",\"target\":{\"@type\":\"EntryPoint\",\"urlTemplate\":\"https:\\\/\\\/foerderanlagen-service.de\\\/?s={search_term_string}\"},\"query-input\":{\"@type\":\"PropertyValueSpecification\",\"valueRequired\":true,\"valueName\":\"search_term_string\"}}],\"inLanguage\":\"de\"},{\"@type\":\"Organization\",\"@id\":\"https:\\\/\\\/foerderanlagen-service.de\\\/#organization\",\"name\":\"A.Klein F\u00f6rderanlagen Service\",\"url\":\"https:\\\/\\\/foerderanlagen-service.de\\\/\",\"logo\":{\"@type\":\"ImageObject\",\"inLanguage\":\"de\",\"@id\":\"https:\\\/\\\/foerderanlagen-service.de\\\/#\\\/schema\\\/logo\\\/image\\\/\",\"url\":\"https:\\\/\\\/foerderanlagen-service.de\\\/wp-content\\\/uploads\\\/2024\\\/03\\\/HP-LOGO-TRANSPARENT.png\",\"contentUrl\":\"https:\\\/\\\/foerderanlagen-service.de\\\/wp-content\\\/uploads\\\/2024\\\/03\\\/HP-LOGO-TRANSPARENT.png\",\"width\":116,\"height\":160,\"caption\":\"A.Klein F\u00f6rderanlagen Service\"},\"image\":{\"@id\":\"https:\\\/\\\/foerderanlagen-service.de\\\/#\\\/schema\\\/logo\\\/image\\\/\"}}]}<\/script>\n<!-- \/ Yoast SEO plugin. -->","yoast_head_json":{"title":"Impressum - A.Klein F\u00f6rderanlagen Service","robots":{"index":"index","follow":"follow","max-snippet":"max-snippet:-1","max-image-preview":"max-image-preview:large","max-video-preview":"max-video-preview:-1"},"canonical":"https:\/\/foerderanlagen-service.de\/index.php\/impressum\/","og_locale":"de_DE","og_type":"article","og_title":"Impressum - A.Klein F\u00f6rderanlagen Service","og_description":"Impressum A.Klein F\u00f6rderanlagen Service GmbH St.-Paulus-Stra\u00dfe 1049681 GarrelDeutschland Telefon: +49-152-064-744-35E-Mail: info(at)foerderanlagen-service.de Gesch\u00e4ftsf\u00fchrer: Alexander Klein Inhaltlich Verantwortlicher: Alexander Klein \u00a0 Gestaltung &amp; Umsetzung \u00a0 \u00a0 facted Inh. Stefan Schnieder Gewerbegebiet Sandkamp 4 26169 Friesoythewww.facted.de Haftungsausschluss:1. Inhalt des OnlineangebotesDer Autor selbst und die Informationszubringer sind stets bem\u00fcht, qualitativ hochwertige Informationen zur Verf\u00fcgung zu stellen. Trotzdem \u00fcbernimmt der [&hellip;]","og_url":"https:\/\/foerderanlagen-service.de\/index.php\/impressum\/","og_site_name":"A.Klein F\u00f6rderanlagen Service","article_modified_time":"2024-04-30T14:07:56+00:00","og_image":[{"url":"https:\/\/sp-ao.shortpixel.ai\/client\/to_webp,q_glossy,ret_img,w_4999,h_1843\/https:\/\/facted.de\/wp-content\/uploads\/2023\/03\/Schriftzug_grau.png","type":"","width":"","height":""}],"twitter_card":"summary_large_image","twitter_misc":{"Gesch\u00e4tzte Lesezeit":"3\u00a0Minuten"},"schema":{"@context":"https:\/\/schema.org","@graph":[{"@type":"WebPage","@id":"https:\/\/foerderanlagen-service.de\/index.php\/impressum\/","url":"https:\/\/foerderanlagen-service.de\/index.php\/impressum\/","name":"Impressum - A.Klein F\u00f6rderanlagen Service","isPartOf":{"@id":"https:\/\/foerderanlagen-service.de\/#website"},"primaryImageOfPage":{"@id":"https:\/\/foerderanlagen-service.de\/index.php\/impressum\/#primaryimage"},"image":{"@id":"https:\/\/foerderanlagen-service.de\/index.php\/impressum\/#primaryimage"},"thumbnailUrl":"https:\/\/sp-ao.shortpixel.ai\/client\/to_webp,q_glossy,ret_img,w_4999,h_1843\/https:\/\/facted.de\/wp-content\/uploads\/2023\/03\/Schriftzug_grau.png","datePublished":"2024-04-30T13:49:03+00:00","dateModified":"2024-04-30T14:07:56+00:00","breadcrumb":{"@id":"https:\/\/foerderanlagen-service.de\/index.php\/impressum\/#breadcrumb"},"inLanguage":"de","potentialAction":[{"@type":"ReadAction","target":["https:\/\/foerderanlagen-service.de\/index.php\/impressum\/"]}]},{"@type":"ImageObject","inLanguage":"de","@id":"https:\/\/foerderanlagen-service.de\/index.php\/impressum\/#primaryimage","url":"https:\/\/sp-ao.shortpixel.ai\/client\/to_webp,q_glossy,ret_img,w_4999,h_1843\/https:\/\/facted.de\/wp-content\/uploads\/2023\/03\/Schriftzug_grau.png","contentUrl":"https:\/\/sp-ao.shortpixel.ai\/client\/to_webp,q_glossy,ret_img,w_4999,h_1843\/https:\/\/facted.de\/wp-content\/uploads\/2023\/03\/Schriftzug_grau.png"},{"@type":"BreadcrumbList","@id":"https:\/\/foerderanlagen-service.de\/index.php\/impressum\/#breadcrumb","itemListElement":[{"@type":"ListItem","position":1,"name":"Startseite","item":"https:\/\/foerderanlagen-service.de\/"},{"@type":"ListItem","position":2,"name":"Impressum"}]},{"@type":"WebSite","@id":"https:\/\/foerderanlagen-service.de\/#website","url":"https:\/\/foerderanlagen-service.de\/","name":"A.Klein F\u00f6rderanlagen Service","description":" Kauf und Verkauf von F\u00f6rderanlagen und KFZ","publisher":{"@id":"https:\/\/foerderanlagen-service.de\/#organization"},"potentialAction":[{"@type":"SearchAction","target":{"@type":"EntryPoint","urlTemplate":"https:\/\/foerderanlagen-service.de\/?s={search_term_string}"},"query-input":{"@type":"PropertyValueSpecification","valueRequired":true,"valueName":"search_term_string"}}],"inLanguage":"de"},{"@type":"Organization","@id":"https:\/\/foerderanlagen-service.de\/#organization","name":"A.Klein F\u00f6rderanlagen Service","url":"https:\/\/foerderanlagen-service.de\/","logo":{"@type":"ImageObject","inLanguage":"de","@id":"https:\/\/foerderanlagen-service.de\/#\/schema\/logo\/image\/","url":"https:\/\/foerderanlagen-service.de\/wp-content\/uploads\/2024\/03\/HP-LOGO-TRANSPARENT.png","contentUrl":"https:\/\/foerderanlagen-service.de\/wp-content\/uploads\/2024\/03\/HP-LOGO-TRANSPARENT.png","width":116,"height":160,"caption":"A.Klein F\u00f6rderanlagen Service"},"image":{"@id":"https:\/\/foerderanlagen-service.de\/#\/schema\/logo\/image\/"}}]}},"_links":{"self":[{"href":"https:\/\/foerderanlagen-service.de\/index.php\/wp-json\/wp\/v2\/pages\/3151","targetHints":{"allow":["GET"]}}],"collection":[{"href":"https:\/\/foerderanlagen-service.de\/index.php\/wp-json\/wp\/v2\/pages"}],"about":[{"href":"https:\/\/foerderanlagen-service.de\/index.php\/wp-json\/wp\/v2\/types\/page"}],"author":[{"embeddable":true,"href":"https:\/\/foerderanlagen-service.de\/index.php\/wp-json\/wp\/v2\/users\/1"}],"replies":[{"embeddable":true,"href":"https:\/\/foerderanlagen-service.de\/index.php\/wp-json\/wp\/v2\/comments?post=3151"}],"version-history":[{"count":10,"href":"https:\/\/foerderanlagen-service.de\/index.php\/wp-json\/wp\/v2\/pages\/3151\/revisions"}],"predecessor-version":[{"id":3162,"href":"https:\/\/foerderanlagen-service.de\/index.php\/wp-json\/wp\/v2\/pages\/3151\/revisions\/3162"}],"wp:attachment":[{"href":"https:\/\/foerderanlagen-service.de\/index.php\/wp-json\/wp\/v2\/media?parent=3151"}],"curies":[{"name":"wp","href":"https:\/\/api.w.org\/{rel}","templated":true}]}}